{"id":67,"date":"2026-02-13T13:25:43","date_gmt":"2026-02-13T16:25:43","guid":{"rendered":"https:\/\/firemaximus.com.br\/?page_id=67"},"modified":"2026-02-18T09:02:33","modified_gmt":"2026-02-18T12:02:33","slug":"inicio","status":"publish","type":"page","link":"https:\/\/firemaximus.com.br\/","title":{"rendered":"In\u00edcio"},"content":{"rendered":"\t\t<div data-elementor-type=\"wp-page\" data-elementor-id=\"67\" class=\"elementor elementor-67\">\n\t\t\t\t<div class=\"elementor-element elementor-element-88a3980 e-flex e-con-boxed e-con e-parent\" data-id=\"88a3980\" data-element_type=\"container\" data-e-type=\"container\" data-settings=\"{&quot;background_background&quot;:&quot;classic&quot;}\">\n\t\t\t\t\t<div class=\"e-con-inner\">\n\t\t\t\t<div class=\"elementor-element elementor-element-f155242 elementor-widget__width-initial elementor-widget elementor-widget-image\" data-id=\"f155242\" data-element_type=\"widget\" data-e-type=\"widget\" data-widget_type=\"image.default\">\n\t\t\t\t\t\t\t\t\t\t\t\t\t\t\t<img fetchpriority=\"high\" decoding=\"async\" width=\"800\" height=\"534\" src=\"https:\/\/firemaximus.com.br\/wp-content\/uploads\/2026\/02\/ChatGPT-Image-14-de-fev.-de-2026-11_20_45-1024x683.png\" class=\"attachment-large size-large wp-image-172\" alt=\"\" srcset=\"https:\/\/firemaximus.com.br\/wp-content\/uploads\/2026\/02\/ChatGPT-Image-14-de-fev.-de-2026-11_20_45-1024x683.png 1024w, https:\/\/firemaximus.com.br\/wp-content\/uploads\/2026\/02\/ChatGPT-Image-14-de-fev.-de-2026-11_20_45-300x200.png 300w, https:\/\/firemaximus.com.br\/wp-content\/uploads\/2026\/02\/ChatGPT-Image-14-de-fev.-de-2026-11_20_45-768x512.png 768w, https:\/\/firemaximus.com.br\/wp-content\/uploads\/2026\/02\/ChatGPT-Image-14-de-fev.-de-2026-11_20_45.png 1536w\" sizes=\"(max-width: 800px) 100vw, 800px\" \/>\t\t\t\t\t\t\t\t\t\t\t\t\t\t\t<\/div>\n\t\t\t\t<div class=\"elementor-element elementor-element-40167fe elementor-widget__width-initial elementor-widget elementor-widget-heading\" data-id=\"40167fe\" data-element_type=\"widget\" data-e-type=\"widget\" data-widget_type=\"heading.default\">\n\t\t\t\t\t<h3 class=\"elementor-heading-title elementor-size-default\"><p data-start=\"1123\" data-end=\"1191\"><strong data-start=\"1123\" data-end=\"1191\">Engenharia Especializada em Sistemas de Prote\u00e7\u00e3o Contra Inc\u00eandio<\/strong><\/p><\/h3>\t\t\t\t<\/div>\n\t\t\t\t<div class=\"elementor-element elementor-element-1ad7c19 elementor-widget__width-initial elementor-widget elementor-widget-text-editor\" data-id=\"1ad7c19\" data-element_type=\"widget\" data-e-type=\"widget\" data-widget_type=\"text-editor.default\">\n\t\t\t\t\t\t\t\t\t<h6>Projetos PPCI \u2022 Aprova\u00e7\u00e3o AVCB\/CLCB \u2022 Sistemas de Hidrantes \u2022 Sprinklers \u2022 Execu\u00e7\u00e3o conforme ITs do CBPMESP<\/h6>\t\t\t\t\t\t\t\t<\/div>\n\t\t\t\t<div class=\"elementor-element elementor-element-22da2b0 elementor-widget elementor-widget-button\" data-id=\"22da2b0\" data-element_type=\"widget\" data-e-type=\"widget\" data-widget_type=\"button.default\">\n\t\t\t\t\t\t\t\t\t\t<a class=\"elementor-button elementor-button-link elementor-size-sm\" href=\"https:\/\/wa.me\/5514991269672\">\n\t\t\t\t\t\t<span class=\"elementor-button-content-wrapper\">\n\t\t\t\t\t\t\t\t\t<span class=\"elementor-button-text\">REGULARIZAR AGORA<\/span>\n\t\t\t\t\t<\/span>\n\t\t\t\t\t<\/a>\n\t\t\t\t\t\t\t\t<\/div>\n\t\t\t\t<div class=\"elementor-element elementor-element-d9abc07 elementor-widget__width-initial elementor-widget elementor-widget-text-editor\" data-id=\"d9abc07\" data-element_type=\"widget\" data-e-type=\"widget\" data-widget_type=\"text-editor.default\">\n\t\t\t\t\t\t\t\t\t<h6><strong>Registro CREA-SP \u2022 2222384<\/strong><\/h6>\t\t\t\t\t\t\t\t<\/div>\n\t\t\t\t\t<\/div>\n\t\t\t\t<\/div>\n\t\t<div class=\"elementor-element elementor-element-20b1738 e-grid e-con-boxed e-con e-parent\" data-id=\"20b1738\" data-element_type=\"container\" data-e-type=\"container\" data-settings=\"{&quot;background_background&quot;:&quot;classic&quot;}\">\n\t\t\t\t\t<div class=\"e-con-inner\">\n\t\t\t\t<div class=\"elementor-element elementor-element-090c9fa elementor-widget elementor-widget-text-editor\" data-id=\"090c9fa\" data-element_type=\"widget\" data-e-type=\"widget\" data-widget_type=\"text-editor.default\">\n\t\t\t\t\t\t\t\t\t<p><br \/>Atendimento em todo o Estado de SP<\/p><p>Empresa registrada no CREA<\/p><p>Atua\u00e7\u00e3o conforme ITs do CBPMESP<\/p>\t\t\t\t\t\t\t\t<\/div>\n\t\t\t\t<div class=\"elementor-element elementor-element-735ffdf elementor-widget elementor-widget-image\" data-id=\"735ffdf\" data-element_type=\"widget\" data-e-type=\"widget\" data-widget_type=\"image.default\">\n\t\t\t\t\t\t\t\t\t\t\t\t<figure class=\"wp-caption\">\n\t\t\t\t\t\t\t\t\t\t<img decoding=\"async\" width=\"300\" height=\"200\" src=\"https:\/\/firemaximus.com.br\/wp-content\/uploads\/2026\/02\/GROOVE_FIRE_MAXIMUS-300x200.png\" class=\"attachment-medium size-medium wp-image-438\" alt=\"\" srcset=\"https:\/\/firemaximus.com.br\/wp-content\/uploads\/2026\/02\/GROOVE_FIRE_MAXIMUS-300x200.png 300w, https:\/\/firemaximus.com.br\/wp-content\/uploads\/2026\/02\/GROOVE_FIRE_MAXIMUS-1024x683.png 1024w, https:\/\/firemaximus.com.br\/wp-content\/uploads\/2026\/02\/GROOVE_FIRE_MAXIMUS-768x512.png 768w, https:\/\/firemaximus.com.br\/wp-content\/uploads\/2026\/02\/GROOVE_FIRE_MAXIMUS.png 1536w\" sizes=\"(max-width: 300px) 100vw, 300px\" \/>\t\t\t\t\t\t\t\t\t\t\t<figcaption class=\"widget-image-caption wp-caption-text\">REGISTRO FOTOGR\u00c1FICO<\/figcaption>\n\t\t\t\t\t\t\t\t\t\t<\/figure>\n\t\t\t\t\t\t\t\t\t<\/div>\n\t\t\t\t\t<\/div>\n\t\t\t\t<\/div>\n\t\t<div class=\"elementor-element elementor-element-8d351d0 e-con-full e-flex e-con e-parent\" data-id=\"8d351d0\" data-element_type=\"container\" data-e-type=\"container\">\n\t\t\t\t<div class=\"elementor-element elementor-element-a79dd65 elementor-widget elementor-widget-google_maps\" data-id=\"a79dd65\" data-element_type=\"widget\" data-e-type=\"widget\" data-widget_type=\"google_maps.default\">\n\t\t\t\t\t\t\t<div class=\"elementor-custom-embed\">\n\t\t\t<iframe loading=\"lazy\"\n\t\t\t\t\tsrc=\"https:\/\/maps.google.com\/maps?q=R.%20Sd.%20Jos%C3%A9%20Lazarini%2C%20544%20-%20Jardim%20Aeroporto%2C%20Botucatu%20-%20SP%2C%2018605-523&#038;t=m&#038;z=10&#038;output=embed&#038;iwloc=near\"\n\t\t\t\t\ttitle=\"R. Sd. Jos\u00e9 Lazarini, 544 - Jardim Aeroporto, Botucatu - SP, 18605-523\"\n\t\t\t\t\taria-label=\"R. Sd. Jos\u00e9 Lazarini, 544 - Jardim Aeroporto, Botucatu - SP, 18605-523\"\n\t\t\t><\/iframe>\n\t\t<\/div>\n\t\t\t\t\t\t<\/div>\n\t\t\t\t<\/div>\n\t\t<div class=\"elementor-element elementor-element-0b35020 e-flex e-con-boxed e-con e-parent\" data-id=\"0b35020\" data-element_type=\"container\" data-e-type=\"container\">\n\t\t\t\t\t<div class=\"e-con-inner\">\n\t\t\t\t\t<\/div>\n\t\t\t\t<\/div>\n\t\t<div class=\"elementor-element elementor-element-c3d0997 e-flex e-con-boxed e-con e-parent\" data-id=\"c3d0997\" data-element_type=\"container\" data-e-type=\"container\">\n\t\t\t\t\t<div class=\"e-con-inner\">\n\t\t\t\t\t<\/div>\n\t\t\t\t<\/div>\n\t\t\t\t<\/div>\n\t\t","protected":false},"excerpt":{"rendered":"<p>Engenharia Especializada em Sistemas de Prote\u00e7\u00e3o Contra Inc\u00eandio Projetos PPCI \u2022 Aprova\u00e7\u00e3o AVCB\/CLCB \u2022 Sistemas de Hidrantes \u2022 Sprinklers \u2022 Execu\u00e7\u00e3o conforme ITs do CBPMESP REGULARIZAR AGORA Registro CREA-SP \u2022 2222384 Atendimento em todo o Estado de SP Empresa registrada no CREA Atua\u00e7\u00e3o conforme ITs do CBPMESP REGISTRO FOTOGR\u00c1FICO<\/p>\n","protected":false},"author":1,"featured_media":0,"parent":0,"menu_order":0,"comment_status":"closed","ping_status":"closed","template":"elementor_header_footer","meta":{"footnotes":""},"class_list":["post-67","page","type-page","status-publish","hentry"],"_links":{"self":[{"href":"https:\/\/firemaximus.com.br\/index.php?rest_route=\/wp\/v2\/pages\/67","targetHints":{"allow":["GET"]}}],"collection":[{"href":"https:\/\/firemaximus.com.br\/index.php?rest_route=\/wp\/v2\/pages"}],"about":[{"href":"https:\/\/firemaximus.com.br\/index.php?rest_route=\/wp\/v2\/types\/page"}],"author":[{"embeddable":true,"href":"https:\/\/firemaximus.com.br\/index.php?rest_route=\/wp\/v2\/users\/1"}],"replies":[{"embeddable":true,"href":"https:\/\/firemaximus.com.br\/index.php?rest_route=%2Fwp%2Fv2%2Fcomments&post=67"}],"version-history":[{"count":352,"href":"https:\/\/firemaximus.com.br\/index.php?rest_route=\/wp\/v2\/pages\/67\/revisions"}],"predecessor-version":[{"id":458,"href":"https:\/\/firemaximus.com.br\/index.php?rest_route=\/wp\/v2\/pages\/67\/revisions\/458"}],"wp:attachment":[{"href":"https:\/\/firemaximus.com.br\/index.php?rest_route=%2Fwp%2Fv2%2Fmedia&parent=67"}],"curies":[{"name":"wp","href":"https:\/\/api.w.org\/{rel}","templated":true}]}}